{"id":8890,"date":"2017-06-14T13:43:54","date_gmt":"2017-06-14T11:43:54","guid":{"rendered":"http:\/\/localhost\/mysite\/mysite2\/?page_id=8890"},"modified":"2022-01-27T11:28:42","modified_gmt":"2022-01-27T10:28:42","slug":"sidtitel-sida","status":"publish","type":"page","link":"https:\/\/dev.hagency.se\/en\/","title":{"rendered":"Welcome to&nbsp;<span class=\"caps\">NRS<\/span>"},"content":{"rendered":"<div style=\"width: 100%; display: inline-block; float: none; margin: 0 auto;\">\n<div id=\"kolumn1\">\n<p class=\"startsidan1\">From the mid\u00adst of the north\/the Nor\u00addic countri\u00ades we cover the Nor\u00addic market.<\/p>\n<p class=\"startsidan1\">We who work in this com\u00adpa\u00adny have spent the last 25 years becoming spe\u00adci\u00ada\u00adlists in our field. We help you with eve\u00adryt\u00adhing from pro\u00adduct deve\u00adlop\u00adment to on-site installation.<\/p>\n<p class=\"startsidan1\"><a href=\"https:\/\/dev.hagency.se\/en\/contact\/\" rel=\"noopener noreferrer\">Wel\u00adcome to ask us about safe\u00adty barriers.<\/a><\/p>\n<\/div>\n<div class=\"fbflash\"><a class=\"fblink\" href=\"https:\/\/www.facebook.com\/Nordic-Road-Safety-AB-2192926060933043\/\" target=\"_blank\" rel=\"noopener noreferrer\"><img class=\"alignleft size-full wp-image-5923\" style=\"padding: 0; margin: 0;\" src=\"https:\/\/dev.hagency.se\/wp-content\/uploads\/2021\/01\/afbflash-en.svg\" alt=\"Follow us on Facebook!\"><\/a><\/div>\n<\/div>\n<div class=\"startprod1\">\n<div id=\"gallery-1\" class=\"gallery galleryid-8890 gallery-columns-6 gallery-size-large\"><figure class=\"gallery-item\">\n\t\t\t<div class=\"gallery-icon landscape\">\n\t\t\t\t<img width=\"400\" height=\"400\" src=\"https:\/\/dev.hagency.se\/wp-content\/uploads\/2017\/08\/produkter-start1.jpg\" class=\"attachment-large size-large\" alt loading=\"lazy\" aria-describedby=\"gallery-1-7207\" srcset=\"https:\/\/dev.hagency.se\/wp-content\/uploads\/2017\/08\/produkter-start1.jpg 400w, https:\/\/dev.hagency.se\/wp-content\/uploads\/2017\/08\/produkter-start1-248x248.jpg 248w, https:\/\/dev.hagency.se\/wp-content\/uploads\/2017\/08\/produkter-start1-20x20.jpg 20w\" sizes=\"(max-width: 400px) 85vw, 400px\">\n\t\t\t<\/div>\n\t\t\t\t<figcaption class=\"wp-caption-text gallery-caption\" id=\"gallery-1-7207\">\n\t\t\t\t<p class=\"undertext2\"><a href=\"https:\/\/dev.hagency.se\/en\/products\/\">Pro\u00adducts<\/a><\/p>\n\t\t\t\t<\/figcaption><\/figure><figure class=\"gallery-item\">\n\t\t\t<div class=\"gallery-icon landscape\">\n\t\t\t\t<img width=\"400\" height=\"400\" src=\"https:\/\/dev.hagency.se\/wp-content\/uploads\/2017\/08\/tjanster.jpg\" class=\"attachment-large size-large\" alt loading=\"lazy\" aria-describedby=\"gallery-1-7206\" srcset=\"https:\/\/dev.hagency.se\/wp-content\/uploads\/2017\/08\/tjanster.jpg 400w, https:\/\/dev.hagency.se\/wp-content\/uploads\/2017\/08\/tjanster-248x248.jpg 248w, https:\/\/dev.hagency.se\/wp-content\/uploads\/2017\/08\/tjanster-20x20.jpg 20w\" sizes=\"(max-width: 400px) 85vw, 400px\">\n\t\t\t<\/div>\n\t\t\t\t<figcaption class=\"wp-caption-text gallery-caption\" id=\"gallery-1-7206\">\n\t\t\t\t<p class=\"undertext2\"><a href=\"https:\/\/dev.hagency.se\/en\/services\/\">Ser\u00advices<\/a><\/p>\n\t\t\t\t<\/figcaption><\/figure><figure class=\"gallery-item\">\n\t\t\t<div class=\"gallery-icon landscape\">\n\t\t\t\t<img width=\"400\" height=\"400\" src=\"https:\/\/dev.hagency.se\/wp-content\/uploads\/2017\/08\/1regelverk.jpg\" class=\"attachment-large size-large\" alt loading=\"lazy\" aria-describedby=\"gallery-1-7209\" srcset=\"https:\/\/dev.hagency.se\/wp-content\/uploads\/2017\/08\/1regelverk.jpg 400w, https:\/\/dev.hagency.se\/wp-content\/uploads\/2017\/08\/1regelverk-248x248.jpg 248w, https:\/\/dev.hagency.se\/wp-content\/uploads\/2017\/08\/1regelverk-20x20.jpg 20w\" sizes=\"(max-width: 400px) 85vw, 400px\">\n\t\t\t<\/div>\n\t\t\t\t<figcaption class=\"wp-caption-text gallery-caption\" id=\"gallery-1-7209\">\n\t\t\t\t<p class=\"undertext2\"><a href=\"https:\/\/dev.hagency.se\/en\/regulations\/\">Regu\u00adla\u00adtions<\/a><\/p>\n\t\t\t\t<\/figcaption><\/figure><figure class=\"gallery-item\">\n\t\t\t<div class=\"gallery-icon landscape\">\n\t\t\t\t<img width=\"400\" height=\"400\" src=\"https:\/\/dev.hagency.se\/wp-content\/uploads\/2019\/04\/galleri-start.jpg\" class=\"attachment-large size-large\" alt loading=\"lazy\" aria-describedby=\"gallery-1-7918\" srcset=\"https:\/\/dev.hagency.se\/wp-content\/uploads\/2019\/04\/galleri-start.jpg 400w, https:\/\/dev.hagency.se\/wp-content\/uploads\/2019\/04\/galleri-start-248x248.jpg 248w, https:\/\/dev.hagency.se\/wp-content\/uploads\/2019\/04\/galleri-start-20x20.jpg 20w\" sizes=\"(max-width: 400px) 85vw, 400px\">\n\t\t\t<\/div>\n\t\t\t\t<figcaption class=\"wp-caption-text gallery-caption\" id=\"gallery-1-7918\">\n\t\t\t\t<p class=\"undertext2\"><a href=\"https:\/\/dev.hagency.se\/en\/gallery\/\">Gal\u00adle\u00adry<\/a><\/p>\n\t\t\t\t<\/figcaption><\/figure><figure class=\"gallery-item\">\n\t\t\t<div class=\"gallery-icon landscape\">\n\t\t\t\t<img width=\"1497\" height=\"1497\" src=\"https:\/\/dev.hagency.se\/wp-content\/uploads\/2021\/10\/Nybygget-scaled-e1633957957759.jpg\" class=\"attachment-large size-large\" alt=\"\u00c5rv\u00e4ltsv\u00e4gen 18\" loading=\"lazy\" aria-describedby=\"gallery-1-14056\">\n\t\t\t<\/div>\n\t\t\t\t<figcaption class=\"wp-caption-text gallery-caption\" id=\"gallery-1-14056\">\n\t\t\t\t<p class=\"undertext2\"><a href=\"https:\/\/dev.hagency.se\/en\/about-nrs\/\">About <span class=\"caps\">NRS<\/span><\/a><\/p>\n\t\t\t\t<\/figcaption><\/figure><figure class=\"gallery-item\">\n\t\t\t<div class=\"gallery-icon landscape\">\n\t\t\t\t<img width=\"400\" height=\"400\" src=\"https:\/\/dev.hagency.se\/wp-content\/uploads\/2017\/09\/kontakt-st1.png\" class=\"attachment-large size-large\" alt loading=\"lazy\" aria-describedby=\"gallery-1-7404\" srcset=\"https:\/\/dev.hagency.se\/wp-content\/uploads\/2017\/09\/kontakt-st1.png 400w, https:\/\/dev.hagency.se\/wp-content\/uploads\/2017\/09\/kontakt-st1-248x248.png 248w, https:\/\/dev.hagency.se\/wp-content\/uploads\/2017\/09\/kontakt-st1-20x20.png 20w\" sizes=\"(max-width: 400px) 85vw, 400px\">\n\t\t\t<\/div>\n\t\t\t\t<figcaption class=\"wp-caption-text gallery-caption\" id=\"gallery-1-7404\">\n\t\t\t\t<p class=\"undertext2\"><a href=\"https:\/\/dev.hagency.se\/en\/contact\/\">Con\u00adtact<\/a><\/p>\n\t\t\t\t<\/figcaption><\/figure>\n\t\t<\/div>\n\n<\/div>\n<div class=\"startprod2\">\n<div id=\"gallery-2\" class=\"gallery galleryid-8890 gallery-columns-3 gallery-size-medium\"><figure class=\"gallery-item\">\n\t\t\t<div class=\"gallery-icon landscape\">\n\t\t\t\t<img width=\"248\" height=\"248\" src=\"https:\/\/dev.hagency.se\/wp-content\/uploads\/2017\/08\/produkter-start1-248x248.jpg\" class=\"attachment-medium size-medium\" alt loading=\"lazy\" aria-describedby=\"gallery-2-7207\" srcset=\"https:\/\/dev.hagency.se\/wp-content\/uploads\/2017\/08\/produkter-start1-248x248.jpg 248w, https:\/\/dev.hagency.se\/wp-content\/uploads\/2017\/08\/produkter-start1-20x20.jpg 20w, https:\/\/dev.hagency.se\/wp-content\/uploads\/2017\/08\/produkter-start1.jpg 400w\" sizes=\"(max-width: 248px) 85vw, 248px\">\n\t\t\t<\/div>\n\t\t\t\t<figcaption class=\"wp-caption-text gallery-caption\" id=\"gallery-2-7207\">\n\t\t\t\t<p class=\"undertext2\"><a href=\"https:\/\/dev.hagency.se\/en\/products\/\">Pro\u00adducts<\/a><\/p>\n\t\t\t\t<\/figcaption><\/figure><figure class=\"gallery-item\">\n\t\t\t<div class=\"gallery-icon landscape\">\n\t\t\t\t<img width=\"248\" height=\"248\" src=\"https:\/\/dev.hagency.se\/wp-content\/uploads\/2017\/08\/tjanster-248x248.jpg\" class=\"attachment-medium size-medium\" alt loading=\"lazy\" aria-describedby=\"gallery-2-7206\" srcset=\"https:\/\/dev.hagency.se\/wp-content\/uploads\/2017\/08\/tjanster-248x248.jpg 248w, https:\/\/dev.hagency.se\/wp-content\/uploads\/2017\/08\/tjanster-20x20.jpg 20w, https:\/\/dev.hagency.se\/wp-content\/uploads\/2017\/08\/tjanster.jpg 400w\" sizes=\"(max-width: 248px) 85vw, 248px\">\n\t\t\t<\/div>\n\t\t\t\t<figcaption class=\"wp-caption-text gallery-caption\" id=\"gallery-2-7206\">\n\t\t\t\t<p class=\"undertext2\"><a href=\"https:\/\/dev.hagency.se\/en\/services\/\">Ser\u00advices<\/a><\/p>\n\t\t\t\t<\/figcaption><\/figure><figure class=\"gallery-item\">\n\t\t\t<div class=\"gallery-icon landscape\">\n\t\t\t\t<img width=\"248\" height=\"248\" src=\"https:\/\/dev.hagency.se\/wp-content\/uploads\/2017\/08\/1regelverk-248x248.jpg\" class=\"attachment-medium size-medium\" alt loading=\"lazy\" aria-describedby=\"gallery-2-7209\" srcset=\"https:\/\/dev.hagency.se\/wp-content\/uploads\/2017\/08\/1regelverk-248x248.jpg 248w, https:\/\/dev.hagency.se\/wp-content\/uploads\/2017\/08\/1regelverk-20x20.jpg 20w, https:\/\/dev.hagency.se\/wp-content\/uploads\/2017\/08\/1regelverk.jpg 400w\" sizes=\"(max-width: 248px) 85vw, 248px\">\n\t\t\t<\/div>\n\t\t\t\t<figcaption class=\"wp-caption-text gallery-caption\" id=\"gallery-2-7209\">\n\t\t\t\t<p class=\"undertext2\"><a href=\"https:\/\/dev.hagency.se\/en\/regulations\/\">Regu\u00adla\u00adtions<\/a><\/p>\n\t\t\t\t<\/figcaption><\/figure><figure class=\"gallery-item\">\n\t\t\t<div class=\"gallery-icon landscape\">\n\t\t\t\t<img width=\"248\" height=\"248\" src=\"https:\/\/dev.hagency.se\/wp-content\/uploads\/2019\/04\/galleri-start-248x248.jpg\" class=\"attachment-medium size-medium\" alt loading=\"lazy\" aria-describedby=\"gallery-2-7918\" srcset=\"https:\/\/dev.hagency.se\/wp-content\/uploads\/2019\/04\/galleri-start-248x248.jpg 248w, https:\/\/dev.hagency.se\/wp-content\/uploads\/2019\/04\/galleri-start-20x20.jpg 20w, https:\/\/dev.hagency.se\/wp-content\/uploads\/2019\/04\/galleri-start.jpg 400w\" sizes=\"(max-width: 248px) 85vw, 248px\">\n\t\t\t<\/div>\n\t\t\t\t<figcaption class=\"wp-caption-text gallery-caption\" id=\"gallery-2-7918\">\n\t\t\t\t<p class=\"undertext2\"><a href=\"https:\/\/dev.hagency.se\/en\/gallery\/\">Gal\u00adle\u00adry<\/a><\/p>\n\t\t\t\t<\/figcaption><\/figure><figure class=\"gallery-item\">\n\t\t\t<div class=\"gallery-icon landscape\">\n\t\t\t\t<img width=\"248\" height=\"165\" src=\"https:\/\/dev.hagency.se\/wp-content\/uploads\/2021\/10\/Nybygget-248x165.jpg\" class=\"attachment-medium size-medium\" alt=\"\u00c5rv\u00e4ltsv\u00e4gen 18\" loading=\"lazy\" aria-describedby=\"gallery-2-14056\" srcset=\"https:\/\/dev.hagency.se\/wp-content\/uploads\/2021\/10\/Nybygget-248x165.jpg 248w, https:\/\/dev.hagency.se\/wp-content\/uploads\/2021\/10\/Nybygget-768x512.jpg 768w, https:\/\/dev.hagency.se\/wp-content\/uploads\/2021\/10\/Nybygget-1536x1024.jpg 1536w, https:\/\/dev.hagency.se\/wp-content\/uploads\/2021\/10\/Nybygget-2048x1365.jpg 2048w, https:\/\/dev.hagency.se\/wp-content\/uploads\/2021\/10\/Nybygget-1200x800.jpg 1200w\" sizes=\"(max-width: 248px) 85vw, 248px\">\n\t\t\t<\/div>\n\t\t\t\t<figcaption class=\"wp-caption-text gallery-caption\" id=\"gallery-2-14056\">\n\t\t\t\t<p class=\"undertext2\"><a href=\"https:\/\/dev.hagency.se\/en\/about-nrs\/\">About <span class=\"caps\">NRS<\/span><\/a><\/p>\n\t\t\t\t<\/figcaption><\/figure><figure class=\"gallery-item\">\n\t\t\t<div class=\"gallery-icon landscape\">\n\t\t\t\t<img width=\"248\" height=\"248\" src=\"https:\/\/dev.hagency.se\/wp-content\/uploads\/2017\/09\/kontakt-st1-248x248.png\" class=\"attachment-medium size-medium\" alt loading=\"lazy\" aria-describedby=\"gallery-2-7404\" srcset=\"https:\/\/dev.hagency.se\/wp-content\/uploads\/2017\/09\/kontakt-st1-248x248.png 248w, https:\/\/dev.hagency.se\/wp-content\/uploads\/2017\/09\/kontakt-st1-20x20.png 20w, https:\/\/dev.hagency.se\/wp-content\/uploads\/2017\/09\/kontakt-st1.png 400w\" sizes=\"(max-width: 248px) 85vw, 248px\">\n\t\t\t<\/div>\n\t\t\t\t<figcaption class=\"wp-caption-text gallery-caption\" id=\"gallery-2-7404\">\n\t\t\t\t<p class=\"undertext2\"><a href=\"https:\/\/dev.hagency.se\/en\/contact\/\">Con\u00adtact<\/a><\/p>\n\t\t\t\t<\/figcaption><\/figure>\n\t\t<\/div>\n\n<\/div>\n","protected":false},"excerpt":{"rendered":"<p>From the mid\u00adst of the north\/the Nor\u00addic countri\u00ades we cover the Nor\u00addic mar\u00adket. We who work in this com\u00adpa\u00adny have spent the last 25 years becoming spe\u00adci\u00ada\u00adlists in our field. We help you with eve\u00adryt\u00adhing from pro\u00adduct deve\u00adlop\u00adment to on-site instal\u00adla\u00adtion. Wel\u00adcome to ask us about safe\u00adty barriers.<\/p>\n","protected":false},"author":2,"featured_media":0,"parent":0,"menu_order":0,"comment_status":"closed","ping_status":"closed","template":"","meta":{"wp_typography_post_enhancements_disabled":false},"yoast_head":"<!-- This site is optimized with the Yoast SEO plugin v16.3 - https:\/\/yoast.com\/wordpress\/plugins\/seo\/ -->\n<title>Welcome to NRS &raquo; Nordic Road Safety AB<\/title>\n<meta name=\"description\" content=\"Mitt i Norden finns vi f\u00f6r att t\u00e4cka den nordiska marknaden.\" \/>\n<meta name=\"robots\" content=\"index, follow, max-snippet:-1, max-image-preview:large, max-video-preview:-1\" \/>\n<link rel=\"canonical\" href=\"https:\/\/dev.hagency.se\/en\/\" \/>\n<meta property=\"og:locale\" content=\"en_US\" \/>\n<meta property=\"og:type\" content=\"article\" \/>\n<meta property=\"og:title\" content=\"NRS\" \/>\n<meta property=\"og:description\" content=\"Mitt i Norden finns vi f\u00f6r att t\u00e4cka den nordiska marknaden.\" \/>\n<meta property=\"og:url\" content=\"https:\/\/dev.hagency.se\/en\/\" \/>\n<meta property=\"og:site_name\" content=\"Nordic Road Safety AB\" \/>\n<meta property=\"article:modified_time\" content=\"2022-01-27T10:28:42+00:00\" \/>\n<meta property=\"og:image\" content=\"https:\/\/dev.hagency.se\/wp-content\/uploads\/2019\/05\/1logo-nrs.jpg\" \/>\n\t<meta property=\"og:image:width\" content=\"1200\" \/>\n\t<meta property=\"og:image:height\" content=\"630\" \/>\n<meta name=\"twitter:card\" content=\"summary\" \/>\n<meta name=\"twitter:label1\" content=\"Est. reading time\">\n\t<meta name=\"twitter:data1\" content=\"1 minute\">\n<script type=\"application\/ld+json\" class=\"yoast-schema-graph\">{\"@context\":\"https:\/\/schema.org\",\"@graph\":[{\"@type\":\"WebSite\",\"@id\":\"https:\/\/dev.hagency.se\/#website\",\"url\":\"https:\/\/dev.hagency.se\/\",\"name\":\"Nordic Road Safety AB\",\"description\":\"V&auml;lkommen att fr&aring;ga oss om r&auml;cken\",\"potentialAction\":[{\"@type\":\"SearchAction\",\"target\":\"https:\/\/dev.hagency.se\/?s={search_term_string}\",\"query-input\":\"required name=search_term_string\"}],\"inLanguage\":\"en-US\"},{\"@type\":\"ImageObject\",\"@id\":\"https:\/\/dev.hagency.se\/en\/#primaryimage\",\"inLanguage\":\"en-US\",\"url\":\"https:\/\/dev.hagency.se\/wp-content\/uploads\/2019\/05\/1logo-nrs.jpg\",\"contentUrl\":\"https:\/\/dev.hagency.se\/wp-content\/uploads\/2019\/05\/1logo-nrs.jpg\",\"width\":1200,\"height\":630},{\"@type\":\"WebPage\",\"@id\":\"https:\/\/dev.hagency.se\/en\/#webpage\",\"url\":\"https:\/\/dev.hagency.se\/en\/\",\"name\":\"Welcome to NRS &raquo; Nordic Road Safety AB\",\"isPartOf\":{\"@id\":\"https:\/\/dev.hagency.se\/#website\"},\"primaryImageOfPage\":{\"@id\":\"https:\/\/dev.hagency.se\/en\/#primaryimage\"},\"datePublished\":\"2017-06-14T11:43:54+00:00\",\"dateModified\":\"2022-01-27T10:28:42+00:00\",\"description\":\"Mitt i Norden finns vi f\\u00f6r att t\\u00e4cka den nordiska marknaden.\",\"breadcrumb\":{\"@id\":\"https:\/\/dev.hagency.se\/en\/#breadcrumb\"},\"inLanguage\":\"en-US\",\"potentialAction\":[{\"@type\":\"ReadAction\",\"target\":[\"https:\/\/dev.hagency.se\/en\/\"]}]},{\"@type\":\"BreadcrumbList\",\"@id\":\"https:\/\/dev.hagency.se\/en\/#breadcrumb\",\"itemListElement\":[{\"@type\":\"ListItem\",\"position\":1,\"item\":{\"@type\":\"WebPage\",\"@id\":\"https:\/\/dev.hagency.se\/en\/\",\"url\":\"https:\/\/dev.hagency.se\/en\/\",\"name\":\"\"}},{\"@type\":\"ListItem\",\"position\":2,\"item\":{\"@id\":\"https:\/\/dev.hagency.se\/en\/#webpage\"}}]}]}<\/script>\n<!-- \/ Yoast SEO plugin. -->","_links":{"self":[{"href":"https:\/\/dev.hagency.se\/en\/wp-json\/wp\/v2\/pages\/8890"}],"collection":[{"href":"https:\/\/dev.hagency.se\/en\/wp-json\/wp\/v2\/pages"}],"about":[{"href":"https:\/\/dev.hagency.se\/en\/wp-json\/wp\/v2\/types\/page"}],"author":[{"embeddable":true,"href":"https:\/\/dev.hagency.se\/en\/wp-json\/wp\/v2\/users\/2"}],"replies":[{"embeddable":true,"href":"https:\/\/dev.hagency.se\/en\/wp-json\/wp\/v2\/comments?post=8890"}],"version-history":[{"count":7,"href":"https:\/\/dev.hagency.se\/en\/wp-json\/wp\/v2\/pages\/8890\/revisions"}],"predecessor-version":[{"id":14276,"href":"https:\/\/dev.hagency.se\/en\/wp-json\/wp\/v2\/pages\/8890\/revisions\/14276"}],"wp:attachment":[{"href":"https:\/\/dev.hagency.se\/en\/wp-json\/wp\/v2\/media?parent=8890"}],"curies":[{"name":"wp","href":"https:\/\/api.w.org\/{rel}","templated":true}]}}