{"id":11606,"date":"2017-07-13T13:25:42","date_gmt":"2017-07-13T11:25:42","guid":{"rendered":"https:\/\/dev.hagency.se\/contact\/our-offices\/"},"modified":"2021-12-02T13:52:38","modified_gmt":"2021-12-02T12:52:38","slug":"our-offices","status":"publish","type":"page","link":"https:\/\/dev.hagency.se\/en\/contact\/our-offices\/","title":{"rendered":"Our offices"},"content":{"rendered":"<table id=\"tabell-a\" border=\"0\" cellspacing=\"0\" cellpadding=\"0\" align=\"left\">\n<tbody>\n<tr>\n<td><img loading=\"lazy\" class=\"size-full wp-image-14056\" src=\"https:\/\/dev.hagency.se\/wp-content\/uploads\/2021\/10\/Nybygget-scaled-e1633957957759.jpg\" alt=\"\u00c5rv\u00e4ltsv\u00e4gen 18\" width=\"1497\" height=\"1497\"><\/td>\n<\/tr>\n<tr>\n<td id=\"cell-x\">\n<p id=\"undertext0\"><a href=\"?page_id=277\">Head office, Timr\u00e5<\/a><\/p>\n<\/td>\n<\/tr>\n<\/tbody>\n<\/table>\n<table id=\"tabell-b\" border=\"0\" cellspacing=\"0\" cellpadding=\"0\" align=\"left\">\n<tbody>\n<tr>\n<td><a href=\"?page_id=281\"><img src=\"https:\/\/dev.hagency.se\/wp-content\/uploads\/2017\/08\/boras-kont-start.jpg\"><\/a><\/td>\n<\/tr>\n<tr>\n<td>\n<p id=\"undertext0\"><a href=\"?page_id=281\">Bor\u00e5s<\/a><\/p>\n<\/td>\n<\/tr>\n<\/tbody>\n<\/table>\n<table id=\"tabell-c\" border=\"0\" cellspacing=\"0\" cellpadding=\"0\" align=\"left\">\n<tbody>\n<tr>\n<td><a href=\"?page_id=279\"><img src=\"https:\/\/dev.hagency.se\/wp-content\/uploads\/2017\/08\/vasteras-kont-start.jpg\"><\/a><\/td>\n<\/tr>\n<tr>\n<td>\n<p id=\"undertext0\"><a href=\"?page_id=279\">V\u00e4s\u00adter\u00e5s<\/a><\/p>\n<\/td>\n<\/tr>\n<\/tbody>\n<\/table>\n","protected":false},"excerpt":{"rendered":"<p>Head office, Tim\u00adr\u00e5 Bor\u00e5s V\u00e4ster\u00e5s<\/p>\n","protected":false},"author":2,"featured_media":0,"parent":8908,"menu_order":0,"comment_status":"closed","ping_status":"closed","template":"","meta":{"wp_typography_post_enhancements_disabled":false},"yoast_head":"<!-- This site is optimized with the Yoast SEO plugin v16.3 - https:\/\/yoast.com\/wordpress\/plugins\/seo\/ -->\n<title>Our offices &raquo; Nordic Road Safety AB<\/title>\n<meta name=\"robots\" content=\"index, follow, max-snippet:-1, max-image-preview:large, max-video-preview:-1\" \/>\n<link rel=\"canonical\" href=\"https:\/\/dev.hagency.se\/en\/contact\/our-offices\/\" \/>\n<meta property=\"og:locale\" content=\"en_US\" \/>\n<meta property=\"og:type\" content=\"article\" \/>\n<meta property=\"og:title\" content=\"Our offices &raquo; Nordic Road Safety AB\" \/>\n<meta property=\"og:description\" content=\"Head office, Timr\u00e5 Bor\u00e5s V\u00e4s\u00adter\u00e5s\" \/>\n<meta property=\"og:url\" content=\"https:\/\/dev.hagency.se\/en\/contact\/our-offices\/\" \/>\n<meta property=\"og:site_name\" content=\"Nordic Road Safety AB\" \/>\n<meta property=\"article:modified_time\" content=\"2021-12-02T12:52:38+00:00\" \/>\n<meta property=\"og:image\" content=\"https:\/\/dev.hagency.se\/wp-content\/uploads\/2021\/10\/Nybygget-scaled-e1633957957759.jpg\" \/>\n<meta name=\"twitter:card\" content=\"summary\" \/>\n<meta name=\"twitter:label1\" content=\"Est. reading time\">\n\t<meta name=\"twitter:data1\" content=\"1 minute\">\n<script type=\"application\/ld+json\" class=\"yoast-schema-graph\">{\"@context\":\"https:\/\/schema.org\",\"@graph\":[{\"@type\":\"WebSite\",\"@id\":\"https:\/\/dev.hagency.se\/#website\",\"url\":\"https:\/\/dev.hagency.se\/\",\"name\":\"Nordic Road Safety AB\",\"description\":\"V&auml;lkommen att fr&aring;ga oss om r&auml;cken\",\"potentialAction\":[{\"@type\":\"SearchAction\",\"target\":\"https:\/\/dev.hagency.se\/?s={search_term_string}\",\"query-input\":\"required name=search_term_string\"}],\"inLanguage\":\"en-US\"},{\"@type\":\"ImageObject\",\"@id\":\"https:\/\/dev.hagency.se\/en\/contact\/our-offices\/#primaryimage\",\"inLanguage\":\"en-US\",\"url\":\"https:\/\/dev.hagency.se\/wp-content\/uploads\/2021\/10\/Nybygget-scaled-e1633957957759.jpg\",\"contentUrl\":\"https:\/\/dev.hagency.se\/wp-content\/uploads\/2021\/10\/Nybygget-scaled-e1633957957759.jpg\",\"width\":1497,\"height\":1497,\"caption\":\"About NRS\"},{\"@type\":\"WebPage\",\"@id\":\"https:\/\/dev.hagency.se\/en\/contact\/our-offices\/#webpage\",\"url\":\"https:\/\/dev.hagency.se\/en\/contact\/our-offices\/\",\"name\":\"Our offices &raquo; Nordic Road Safety AB\",\"isPartOf\":{\"@id\":\"https:\/\/dev.hagency.se\/#website\"},\"primaryImageOfPage\":{\"@id\":\"https:\/\/dev.hagency.se\/en\/contact\/our-offices\/#primaryimage\"},\"datePublished\":\"2017-07-13T11:25:42+00:00\",\"dateModified\":\"2021-12-02T12:52:38+00:00\",\"breadcrumb\":{\"@id\":\"https:\/\/dev.hagency.se\/en\/contact\/our-offices\/#breadcrumb\"},\"inLanguage\":\"en-US\",\"potentialAction\":[{\"@type\":\"ReadAction\",\"target\":[\"https:\/\/dev.hagency.se\/en\/contact\/our-offices\/\"]}]},{\"@type\":\"BreadcrumbList\",\"@id\":\"https:\/\/dev.hagency.se\/en\/contact\/our-offices\/#breadcrumb\",\"itemListElement\":[{\"@type\":\"ListItem\",\"position\":1,\"item\":{\"@type\":\"WebPage\",\"@id\":\"https:\/\/dev.hagency.se\/en\/\",\"url\":\"https:\/\/dev.hagency.se\/en\/\",\"name\":\"\"}},{\"@type\":\"ListItem\",\"position\":2,\"item\":{\"@type\":\"WebPage\",\"@id\":\"https:\/\/dev.hagency.se\/en\/contact\/\",\"url\":\"https:\/\/dev.hagency.se\/en\/contact\/\",\"name\":\"Contact\"}},{\"@type\":\"ListItem\",\"position\":3,\"item\":{\"@id\":\"https:\/\/dev.hagency.se\/en\/contact\/our-offices\/#webpage\"}}]}]}<\/script>\n<!-- \/ Yoast SEO plugin. -->","_links":{"self":[{"href":"https:\/\/dev.hagency.se\/en\/wp-json\/wp\/v2\/pages\/11606"}],"collection":[{"href":"https:\/\/dev.hagency.se\/en\/wp-json\/wp\/v2\/pages"}],"about":[{"href":"https:\/\/dev.hagency.se\/en\/wp-json\/wp\/v2\/types\/page"}],"author":[{"embeddable":true,"href":"https:\/\/dev.hagency.se\/en\/wp-json\/wp\/v2\/users\/2"}],"replies":[{"embeddable":true,"href":"https:\/\/dev.hagency.se\/en\/wp-json\/wp\/v2\/comments?post=11606"}],"version-history":[{"count":2,"href":"https:\/\/dev.hagency.se\/en\/wp-json\/wp\/v2\/pages\/11606\/revisions"}],"predecessor-version":[{"id":14223,"href":"https:\/\/dev.hagency.se\/en\/wp-json\/wp\/v2\/pages\/11606\/revisions\/14223"}],"up":[{"embeddable":true,"href":"https:\/\/dev.hagency.se\/en\/wp-json\/wp\/v2\/pages\/8908"}],"wp:attachment":[{"href":"https:\/\/dev.hagency.se\/en\/wp-json\/wp\/v2\/media?parent=11606"}],"curies":[{"name":"wp","href":"https:\/\/api.w.org\/{rel}","templated":true}]}}