{"id":10197,"date":"2019-04-13T11:55:53","date_gmt":"2019-04-13T09:55:53","guid":{"rendered":"http:\/\/localhost\/mysite\/mysite2\/nordic-r-anchor\/"},"modified":"2019-05-13T06:34:03","modified_gmt":"2019-05-13T04:34:03","slug":"nordic-r-anchor","status":"publish","type":"page","link":"https:\/\/dev.hagency.se\/en\/products\/terminals\/non-energy-absorbing\/nordic-r-anchor\/","title":{"rendered":"Nordic R Anchor"},"content":{"rendered":"<p>Anchor for safe\u00adty bar\u00adri\u00aders with&nbsp;pipes.<\/p>\n<div id=\"produktsdata\">\n<div class=\"jtrt_table_MotherShipContainer\"><div class=\"jtTableContainer jtrespo-footable  \"><div class=\"jtsettingcontainer\" style=\"display:none;position:absolute;left:-9999px;\"><textarea data-jtrt-table-id=\"10205\" id=\"jtrt_table_settings_10205\" cols=\"30\" rows=\"10\">[[[\"&lt;span class=\\\"beskr\\\"&gt;Fulfils\",\"VGU 2015, Swedish Transport Administration publication 2015:086, 1.3.5.5 Neddoppad v\\u00e4gr\\u00e4ckes\\u00e4nde\"],[\"&lt;span class=\\\"beskr\\\"&gt;Impact severity level&lt;\\\/span&gt;\",\"A\"],[\"&lt;span class=\\\"beskr\\\"&gt;Resistance to snow removal (class)\",\"4\"],[\"&lt;span class=\\\"beskr\\\"&gt;Durability\",\"Hot dip galvanized coatings according to SS-EN ISO 1461:2009 National Annex. Fe\\\/Zn 115\"]],[{\"row\":0,\"col\":0,\"visualRow\":0,\"visualCol\":0,\"prop\":0,\"readOnly\":true,\"jtcellstyle\":{\"background\":\"#f6f6f6\"}},{\"row\":0,\"col\":1,\"visualRow\":0,\"visualCol\":1,\"prop\":1,\"readOnly\":true,\"jtcellstyle\":{\"background\":\"#f6f6f6\"}},{\"row\":1,\"col\":0,\"visualRow\":1,\"visualCol\":0,\"prop\":0,\"jtcellstyle\":{\"font-weight\":\"inherit\"},\"readOnly\":true},{\"row\":1,\"col\":1,\"visualRow\":1,\"visualCol\":1,\"prop\":1,\"readOnly\":true},{\"row\":2,\"col\":0,\"visualRow\":2,\"visualCol\":0,\"prop\":0,\"jtcellstyle\":{\"font-weight\":\"inherit\",\"background\":\"#f6f6f6\"},\"readOnly\":true},{\"row\":2,\"col\":1,\"visualRow\":2,\"visualCol\":1,\"prop\":1,\"readOnly\":true,\"jtcellstyle\":{\"background\":\"#f6f6f6\"}},{\"row\":3,\"col\":0,\"visualRow\":3,\"visualCol\":0,\"prop\":0,\"jtcellstyle\":{\"font-weight\":\"inherit\"},\"readOnly\":true},{\"row\":3,\"col\":1,\"visualRow\":3,\"visualCol\":1,\"prop\":1,\"readOnly\":true}],[],[]]<\/textarea><textarea data-jtrt-table-id=\"10205\" id=\"jtrt_table_bps_10205\" cols=\"30\" rows=\"10\">{\"xlarge\":\"960\",\"large\":\"960\",\"medium\":\"960\",\"small\":\"960\",\"xsmall\":\"960\"}<\/textarea><\/div><table id=\"jtrt_table_10205\" data-sorting=\"false\" data-paging=\"false\" data-paging-size=\"10\" data-paging-menu=\"10,20,50,100\" data-filtering=\"false\" data-jtrt-table-id=\"10205\" class=\"jtrt-table  \"><thead><tr><th><span class=\"beskr\">Ful\u00adfils<\/span><\/th><th><span class=\"caps\">VGU<\/span> 2015, Swe\u00addish Trans\u00adport Admi\u00adnist\u00adra\u00adtion pub\u00adli\u00adca\u00adtion 2015:086, 1.3.5.5 Ned\u00addop\u00adpad v\u00e4gr\u00e4ckes\u00e4nde<\/th><\/tr><\/thead><tbody><tr><td><span class=\"beskr\">Impact seve\u00adri\u00adty&nbsp;level<\/span><\/td><td>A<\/td><\/tr><tr><td><span class=\"beskr\">Resistan\u00adce to snow remo\u00adval (class)<\/span><\/td><td>4<\/td><\/tr><tr><td><span class=\"beskr\">Dura\u00adbi\u00adli\u00adty<\/span><\/td><td>Hot dip gal\u00adva\u00adni\u00adzed coa\u00adtings accor\u00adding to <span class=\"caps\">SS-EN<\/span> <span class=\"caps\">ISO<\/span> 1461:2009 Natio\u00adnal Annex. Fe\/Zn&nbsp;115<\/td><\/tr><\/tbody><\/table><\/div><\/div>\n<td style=\"width: auto;\" align=\"left\" valign=\"top\">\n<p id=\"pdf2\" style=\"float: none; margin-left: 0px !important; width: 100%!important; margin-top: 10px!important; margin-bottom: 16px!important;\">Pro\u00adduct descrip\u00adtion in swe\u00addish \u2014 Coming soon.<\/p>\n<\/td><\/div>\n<div id=\"slidern\" style=\"margin-top: 30px;\"><div id=\"metaslider-id-8417\" style=\"width: 100%;\" class=\"ml-slider-3-20-3 ml-slider-pro-2-18-2 metaslider metaslider-nivo metaslider-8417 ml-slider ms-theme-_theme_1503911064\">\n    <div id=\"metaslider_container_8417\">\n        <div class=\"slider-wrapper theme-default\"><div class=\"ribbon\"><\/div><div id=\"metaslider_8417\" class=\"nivoSlider\"><img width=\"1400\" height=\"933\" src=\"https:\/\/dev.hagency.se\/wp-content\/uploads\/2019\/04\/2814-2.jpg\" class=\"slider-8417 slide-8422\" alt loading=\"lazy\" data-caption data-thumb title rel srcset=\"https:\/\/dev.hagency.se\/wp-content\/uploads\/2019\/04\/2814-2.jpg 1400w, https:\/\/dev.hagency.se\/wp-content\/uploads\/2019\/04\/2814-2-248x165.jpg 248w, https:\/\/dev.hagency.se\/wp-content\/uploads\/2019\/04\/2814-2-768x512.jpg 768w, https:\/\/dev.hagency.se\/wp-content\/uploads\/2019\/04\/2814-2-1200x800.jpg 1200w, https:\/\/dev.hagency.se\/wp-content\/uploads\/2019\/04\/2814-2-150x100.jpg 150w\" sizes=\"(max-width: 709px) 85vw, (max-width: 909px) 67vw, (max-width: 1362px) 62vw, 840px\"><img width=\"1400\" height=\"933\" src=\"https:\/\/dev.hagency.se\/wp-content\/uploads\/2019\/04\/2814-1.jpg\" class=\"slider-8417 slide-8423\" alt loading=\"lazy\" data-caption data-thumb title rel srcset=\"https:\/\/dev.hagency.se\/wp-content\/uploads\/2019\/04\/2814-1.jpg 1400w, https:\/\/dev.hagency.se\/wp-content\/uploads\/2019\/04\/2814-1-248x165.jpg 248w, https:\/\/dev.hagency.se\/wp-content\/uploads\/2019\/04\/2814-1-768x512.jpg 768w, https:\/\/dev.hagency.se\/wp-content\/uploads\/2019\/04\/2814-1-1200x800.jpg 1200w, https:\/\/dev.hagency.se\/wp-content\/uploads\/2019\/04\/2814-1-150x100.jpg 150w\" sizes=\"(max-width: 709px) 85vw, (max-width: 909px) 67vw, (max-width: 1362px) 62vw, 840px\"><\/div><\/div>\n        \n    <\/div>\n<\/div><\/div>\n","protected":false},"excerpt":{"rendered":"<p>Anchor for safe\u00adty bar\u00adri\u00aders with&nbsp;pipes. Pro\u00adduct descrip\u00adtion in swe\u00addish \u2014 Coming soon.<\/p>\n","protected":false},"author":2,"featured_media":0,"parent":10176,"menu_order":0,"comment_status":"closed","ping_status":"closed","template":"","meta":{"wp_typography_post_enhancements_disabled":false},"yoast_head":"<!-- This site is optimized with the Yoast SEO plugin v16.3 - https:\/\/yoast.com\/wordpress\/plugins\/seo\/ -->\n<title>Nordic R Anchor &raquo; Nordic Road Safety AB<\/title>\n<meta name=\"robots\" content=\"index, follow, max-snippet:-1, max-image-preview:large, max-video-preview:-1\" \/>\n<link rel=\"canonical\" href=\"https:\/\/dev.hagency.se\/en\/products\/terminals\/non-energy-absorbing\/nordic-r-anchor\/\" \/>\n<meta property=\"og:locale\" content=\"en_US\" \/>\n<meta property=\"og:type\" content=\"article\" \/>\n<meta property=\"og:title\" content=\"Nordic R Anchor &raquo; Nordic Road Safety AB\" \/>\n<meta property=\"og:description\" content=\"Anchor for safe\u00adty bar\u00adri\u00aders with&nbsp;pipes. Pro\u00adduct descrip\u00adtion in swe\u00addish \u2014 Coming soon.\" \/>\n<meta property=\"og:url\" content=\"https:\/\/dev.hagency.se\/en\/products\/terminals\/non-energy-absorbing\/nordic-r-anchor\/\" \/>\n<meta property=\"og:site_name\" content=\"Nordic Road Safety AB\" \/>\n<meta property=\"article:modified_time\" content=\"2019-05-13T04:34:03+00:00\" \/>\n<meta name=\"twitter:card\" content=\"summary\" \/>\n<script type=\"application\/ld+json\" class=\"yoast-schema-graph\">{\"@context\":\"https:\/\/schema.org\",\"@graph\":[{\"@type\":\"WebSite\",\"@id\":\"https:\/\/dev.hagency.se\/#website\",\"url\":\"https:\/\/dev.hagency.se\/\",\"name\":\"Nordic Road Safety AB\",\"description\":\"V&auml;lkommen att fr&aring;ga oss om r&auml;cken\",\"potentialAction\":[{\"@type\":\"SearchAction\",\"target\":\"https:\/\/dev.hagency.se\/?s={search_term_string}\",\"query-input\":\"required name=search_term_string\"}],\"inLanguage\":\"en-US\"},{\"@type\":\"WebPage\",\"@id\":\"https:\/\/dev.hagency.se\/en\/products\/terminals\/non-energy-absorbing\/nordic-r-anchor\/#webpage\",\"url\":\"https:\/\/dev.hagency.se\/en\/products\/terminals\/non-energy-absorbing\/nordic-r-anchor\/\",\"name\":\"Nordic R Anchor &raquo; Nordic Road Safety AB\",\"isPartOf\":{\"@id\":\"https:\/\/dev.hagency.se\/#website\"},\"datePublished\":\"2019-04-13T09:55:53+00:00\",\"dateModified\":\"2019-05-13T04:34:03+00:00\",\"breadcrumb\":{\"@id\":\"https:\/\/dev.hagency.se\/en\/products\/terminals\/non-energy-absorbing\/nordic-r-anchor\/#breadcrumb\"},\"inLanguage\":\"en-US\",\"potentialAction\":[{\"@type\":\"ReadAction\",\"target\":[\"https:\/\/dev.hagency.se\/en\/products\/terminals\/non-energy-absorbing\/nordic-r-anchor\/\"]}]},{\"@type\":\"BreadcrumbList\",\"@id\":\"https:\/\/dev.hagency.se\/en\/products\/terminals\/non-energy-absorbing\/nordic-r-anchor\/#breadcrumb\",\"itemListElement\":[{\"@type\":\"ListItem\",\"position\":1,\"item\":{\"@type\":\"WebPage\",\"@id\":\"https:\/\/dev.hagency.se\/en\/\",\"url\":\"https:\/\/dev.hagency.se\/en\/\",\"name\":\"\"}},{\"@type\":\"ListItem\",\"position\":2,\"item\":{\"@type\":\"WebPage\",\"@id\":\"https:\/\/dev.hagency.se\/en\/products\/\",\"url\":\"https:\/\/dev.hagency.se\/en\/products\/\",\"name\":\"Products\"}},{\"@type\":\"ListItem\",\"position\":3,\"item\":{\"@type\":\"WebPage\",\"@id\":\"https:\/\/dev.hagency.se\/en\/products\/terminals\/\",\"url\":\"https:\/\/dev.hagency.se\/en\/products\/terminals\/\",\"name\":\"Terminals\"}},{\"@type\":\"ListItem\",\"position\":4,\"item\":{\"@type\":\"WebPage\",\"@id\":\"https:\/\/dev.hagency.se\/en\/products\/terminals\/non-energy-absorbing\/\",\"url\":\"https:\/\/dev.hagency.se\/en\/products\/terminals\/non-energy-absorbing\/\",\"name\":\"Non energy absorbing\"}},{\"@type\":\"ListItem\",\"position\":5,\"item\":{\"@id\":\"https:\/\/dev.hagency.se\/en\/products\/terminals\/non-energy-absorbing\/nordic-r-anchor\/#webpage\"}}]}]}<\/script>\n<!-- \/ Yoast SEO plugin. -->","_links":{"self":[{"href":"https:\/\/dev.hagency.se\/en\/wp-json\/wp\/v2\/pages\/10197"}],"collection":[{"href":"https:\/\/dev.hagency.se\/en\/wp-json\/wp\/v2\/pages"}],"about":[{"href":"https:\/\/dev.hagency.se\/en\/wp-json\/wp\/v2\/types\/page"}],"author":[{"embeddable":true,"href":"https:\/\/dev.hagency.se\/en\/wp-json\/wp\/v2\/users\/2"}],"replies":[{"embeddable":true,"href":"https:\/\/dev.hagency.se\/en\/wp-json\/wp\/v2\/comments?post=10197"}],"version-history":[{"count":0,"href":"https:\/\/dev.hagency.se\/en\/wp-json\/wp\/v2\/pages\/10197\/revisions"}],"up":[{"embeddable":true,"href":"https:\/\/dev.hagency.se\/en\/wp-json\/wp\/v2\/pages\/10176"}],"wp:attachment":[{"href":"https:\/\/dev.hagency.se\/en\/wp-json\/wp\/v2\/media?parent=10197"}],"curies":[{"name":"wp","href":"https:\/\/api.w.org\/{rel}","templated":true}]}}